{"id":32,"date":"2026-04-07T18:21:49","date_gmt":"2026-04-07T18:21:49","guid":{"rendered":"https:\/\/www.roblactu.fr\/?page_id=32"},"modified":"2026-04-07T18:21:49","modified_gmt":"2026-04-07T18:21:49","slug":"steal-a-brainrot","status":"publish","type":"page","link":"https:\/\/www.roblactu.fr\/index.php\/steal-a-brainrot\/","title":{"rendered":"steal a brainrot"},"content":{"rendered":"\n<p>le prochaine \u00e9v\u00e8nement est mardi a 23 heures  <\/p>\n\n\n\n<!DOCTYPE html>\n<html lang=\"fr\">\n<head>\n<meta charset=\"UTF-8\">\n<title>Horloge avec compte \u00e0 rebours<\/title>\n<style>\n  body { font-family: Arial, sans-serif; text-align: center; margin-top: 50px; }\n  #clock { font-size: 48px; margin-bottom: 20px; }\n  #countdown { font-size: 32px; color: #555; }\n<\/style>\n<\/head>\n<body>\n<h1>Horloge avec compte \u00e0 rebours<\/h1>\n<div id=\"clock\">&#8211;:&#8211;:&#8211;<\/div>\n<div id=\"countdown\">Chargement&#8230;<\/div>\n\n<script>\n  const stopDate = new Date(\"2026-04-07T23:00:00\");\n\n  function updateClock() {\n    const now = new Date();\n\n    \/\/ Affichage de l'heure\n    const hours = String(now.getHours()).padStart(2, '0');\n    const minutes = String(now.getMinutes()).padStart(2, '0');\n    const seconds = String(now.getSeconds()).padStart(2, '0');\n    document.getElementById(\"clock\").textContent = `${hours}:${minutes}:${seconds}`;\n\n    \/\/ Compte \u00e0 rebours\n    const diff = stopDate - now;\n    if (diff <= 0) {\n      document.getElementById(\"countdown\").textContent = \"Horloge arr\u00eat\u00e9e\";\n      clearInterval(clockInterval);\n      return;\n    }\n\n    const days = Math.floor(diff \/ (1000 * 60 * 60 * 24));\n    const hrs = Math.floor((diff \/ (1000 * 60 * 60)) % 24);\n    const mins = Math.floor((diff \/ (1000 * 60)) % 60);\n    const secs = Math.floor((diff \/ 1000) % 60);\n\n    document.getElementById(\"countdown\").textContent =\n      `${days}j ${hrs}h ${mins}m ${secs}s avant l'arr\u00eat`;\n  }\n\n  const clockInterval = setInterval(updateClock, 1000);\n  updateClock(); \/\/ appel imm\u00e9diat\n<\/script>\n<\/body>\n<\/html>\n\n\n\n<div class=\"wp-block-buttons is-layout-flex wp-block-buttons-is-layout-flex\">\n<div class=\"wp-block-button\"><a class=\"wp-block-button__link wp-element-button\" href=\"https:\/\/www.roblox.com\/fr\/games\/109983668079237\/Steal-a-Brainrot\">source <\/a><\/div>\n<\/div>\n\n\n\n<div class=\"wp-block-columns is-layout-flex wp-container-core-columns-is-layout-28f84493 wp-block-columns-is-layout-flex\">\n<div class=\"wp-block-column is-layout-flow wp-block-column-is-layout-flow\" style=\"flex-basis:100%\">\n<p>PANNEAU D'\u00c9V\u00c9NEMENT DE P\u00c2QUES AVEC 2 NOUVEAUX \u00c9V\u00c9NEMENTS - CHUTE AUX \u0152ufs: Ce sera un \u00e9v\u00e9nement amusant o\u00f9 vous pourrez acheter des sauts doubles et travailler votre chemin vers le haut pour d\u00e9couvrir de nouvelles \u00eeles et des \u0153ufs cach\u00e9s. Y compris des \u00eeles mut\u00e9es cool qui ont des machines... y compris une base de P\u00e2ques sur l'\u00eele sup\u00e9rieure. Trouve-tu tous les \u0153ufs \u00e0 temps? - EGG CITY: Cet \u00e9v\u00e9nement activera un nouveau trait mini-\u0153uf qui peut s'appliquer aux Brainrot. Il y aura 4 variantes avec diff\u00e9rents multis. Il y a une faible chance qu'un OP Brainrot apparaisse dans l'une des maisons \u00e0 \u0153ufs... EGG LUCKY BLOCK (8 Nouveaux Brainrots) - Lapin Tralala - Eggdin Egg Egg Dun - P\u00e2ques P\u00e2ques P\u00e2ques Sahur - Los Bunitos - Baskito - Churrito Bunnito - Hopilikalika Hopilikalako - Lapin Hydra NOUVEL INCUBATEUR DE TRAITS Rangez Brainrot ici avant qu'ils n'\u00e9closent pour qu'ils aient une chance d'obtenir des traits s'il y a des \u00e9v\u00e9nements actifs NOUVEAU OP BRAINROT DANS LA MACHINE \u00c0 FUSIBLES - Lapin et Eggy + NOUVEAU SKIN DE BASE DE P\u00c2QUES ET PELUCHE DANS LA BOUTIQUE<\/p>\n<\/div>\n<\/div>\n\n\n\n<figure class=\"wp-block-image size-full is-resized\"><img loading=\"lazy\" decoding=\"async\" width=\"768\" height=\"432\" src=\"https:\/\/www.roblactu.fr\/wp-content\/uploads\/2026\/04\/noFilter.webp\" alt=\"\" class=\"wp-image-33\" style=\"width:836px;height:auto\" srcset=\"https:\/\/www.roblactu.fr\/wp-content\/uploads\/2026\/04\/noFilter.webp 768w, https:\/\/www.roblactu.fr\/wp-content\/uploads\/2026\/04\/noFilter-300x169.webp 300w\" sizes=\"auto, (max-width: 768px) 100vw, 768px\" \/><\/figure>\n","protected":false},"excerpt":{"rendered":"<p>le prochaine \u00e9v\u00e8nement est mardi a 23 heures Horloge avec compte \u00e0 rebours Horloge avec compte \u00e0 rebours &#8211;:&#8211;:&#8211; Chargement&#8230; [&hellip;]<\/p>\n","protected":false},"author":1,"featured_media":0,"parent":0,"menu_order":0,"comment_status":"closed","ping_status":"closed","template":"","meta":{"site-sidebar-layout":"default","site-content-layout":"","ast-site-content-layout":"default","site-content-style":"default","site-sidebar-style":"default","ast-global-header-display":"","ast-banner-title-visibility":"","ast-main-header-display":"","ast-hfb-above-header-display":"","ast-hfb-below-header-display":"","ast-hfb-mobile-header-display":"","site-post-title":"","ast-breadcrumbs-content":"","ast-featured-img":"","footer-sml-layout":"","ast-disable-related-posts":"","theme-transparent-header-meta":"","adv-header-id-meta":"","stick-header-meta":"","header-above-stick-meta":"","header-main-stick-meta":"","header-below-stick-meta":"","astra-migrate-meta-layouts":"default","ast-page-background-enabled":"default","ast-page-background-meta":{"desktop":{"background-color":"var(--ast-global-color-5)","background-image":"","background-repeat":"repeat","background-position":"center center","background-size":"auto","background-attachment":"scroll","background-type":"","background-media":"","overlay-type":"","overlay-color":"","overlay-opacity":"","overlay-gradient":""},"tablet":{"background-color":"","background-image":"","background-repeat":"repeat","background-position":"center center","background-size":"auto","background-attachment":"scroll","background-type":"","background-media":"","overlay-type":"","overlay-color":"","overlay-opacity":"","overlay-gradient":""},"mobile":{"background-color":"","background-image":"","background-repeat":"repeat","background-position":"center center","background-size":"auto","background-attachment":"scroll","background-type":"","background-media":"","overlay-type":"","overlay-color":"","overlay-opacity":"","overlay-gradient":""}},"ast-content-background-meta":{"desktop":{"background-color":"var(--ast-global-color-4)","background-image":"","background-repeat":"repeat","background-position":"center center","background-size":"auto","background-attachment":"scroll","background-type":"","background-media":"","overlay-type":"","overlay-color":"","overlay-opacity":"","overlay-gradient":""},"tablet":{"background-color":"var(--ast-global-color-4)","background-image":"","background-repeat":"repeat","background-position":"center center","background-size":"auto","background-attachment":"scroll","background-type":"","background-media":"","overlay-type":"","overlay-color":"","overlay-opacity":"","overlay-gradient":""},"mobile":{"background-color":"var(--ast-global-color-4)","background-image":"","background-repeat":"repeat","background-position":"center center","background-size":"auto","background-attachment":"scroll","background-type":"","background-media":"","overlay-type":"","overlay-color":"","overlay-opacity":"","overlay-gradient":""}},"footnotes":""},"class_list":["post-32","page","type-page","status-publish","hentry"],"_links":{"self":[{"href":"https:\/\/www.roblactu.fr\/index.php\/wp-json\/wp\/v2\/pages\/32","targetHints":{"allow":["GET"]}}],"collection":[{"href":"https:\/\/www.roblactu.fr\/index.php\/wp-json\/wp\/v2\/pages"}],"about":[{"href":"https:\/\/www.roblactu.fr\/index.php\/wp-json\/wp\/v2\/types\/page"}],"author":[{"embeddable":true,"href":"https:\/\/www.roblactu.fr\/index.php\/wp-json\/wp\/v2\/users\/1"}],"replies":[{"embeddable":true,"href":"https:\/\/www.roblactu.fr\/index.php\/wp-json\/wp\/v2\/comments?post=32"}],"version-history":[{"count":1,"href":"https:\/\/www.roblactu.fr\/index.php\/wp-json\/wp\/v2\/pages\/32\/revisions"}],"predecessor-version":[{"id":35,"href":"https:\/\/www.roblactu.fr\/index.php\/wp-json\/wp\/v2\/pages\/32\/revisions\/35"}],"wp:attachment":[{"href":"https:\/\/www.roblactu.fr\/index.php\/wp-json\/wp\/v2\/media?parent=32"}],"curies":[{"name":"wp","href":"https:\/\/api.w.org\/{rel}","templated":true}]}}